



{"id":1024,"date":"2022-02-15T09:16:43","date_gmt":"2022-02-15T08:16:43","guid":{"rendered":"https:\/\/www.le-sous-bois.fr\/decouvrir-lardeche\/"},"modified":"2022-06-10T17:39:21","modified_gmt":"2022-06-10T15:39:21","slug":"discover-the-ardeche","status":"publish","type":"page","link":"https:\/\/www.le-sous-bois.fr\/en\/discover-the-ardeche\/","title":{"rendered":"Discover the Ard\u00e8che"},"content":{"rendered":"","protected":false},"excerpt":{"rendered":"","protected":false},"author":3,"featured_media":0,"parent":0,"menu_order":0,"comment_status":"closed","ping_status":"closed","template":"templates\/tmp-decouvrir.php","meta":{"_acf_changed":false},"class_list":["post-1024","page","type-page","status-publish","hentry"],"acf":[],"yoast_head":"<!-- This site is optimized with the Yoast SEO plugin v23.7 - https:\/\/yoast.com\/wordpress\/plugins\/seo\/ -->\n<title>Discover the Ard\u00e8che - Camping le sous bois 4* - \u00e0 Saint-Maurice-d&#039;Ibie en Ard\u00e8che<\/title>\n<meta name=\"robots\" content=\"index, follow, max-snippet:-1, max-image-preview:large, max-video-preview:-1\" \/>\n<link rel=\"canonical\" href=\"https:\/\/www.le-sous-bois.fr\/en\/discover-the-ardeche\/\" \/>\n<meta property=\"og:locale\" content=\"en_US\" \/>\n<meta property=\"og:type\" content=\"article\" \/>\n<meta property=\"og:title\" content=\"Discover the Ard\u00e8che - Camping le sous bois 4* - \u00e0 Saint-Maurice-d&#039;Ibie en Ard\u00e8che\" \/>\n<meta property=\"og:url\" content=\"https:\/\/www.le-sous-bois.fr\/en\/discover-the-ardeche\/\" \/>\n<meta property=\"og:site_name\" content=\"Camping le sous bois 4* - \u00e0 Saint-Maurice-d&#039;Ibie en Ard\u00e8che\" \/>\n<meta property=\"article:modified_time\" content=\"2022-06-10T15:39:21+00:00\" \/>\n<meta name=\"twitter:card\" content=\"summary_large_image\" \/>\n<script type=\"application\/ld+json\" class=\"yoast-schema-graph\">{\"@context\":\"https:\/\/schema.org\",\"@graph\":[{\"@type\":\"WebPage\",\"@id\":\"https:\/\/www.le-sous-bois.fr\/en\/discover-the-ardeche\/\",\"url\":\"https:\/\/www.le-sous-bois.fr\/en\/discover-the-ardeche\/\",\"name\":\"Discover the Ard\u00e8che - Camping le sous bois 4* - \u00e0 Saint-Maurice-d&#039;Ibie en Ard\u00e8che\",\"isPartOf\":{\"@id\":\"https:\/\/www.le-sous-bois.fr\/en\/#website\"},\"datePublished\":\"2022-02-15T08:16:43+00:00\",\"dateModified\":\"2022-06-10T15:39:21+00:00\",\"breadcrumb\":{\"@id\":\"https:\/\/www.le-sous-bois.fr\/en\/discover-the-ardeche\/#breadcrumb\"},\"inLanguage\":\"en-US\",\"potentialAction\":[{\"@type\":\"ReadAction\",\"target\":[\"https:\/\/www.le-sous-bois.fr\/en\/discover-the-ardeche\/\"]}]},{\"@type\":\"BreadcrumbList\",\"@id\":\"https:\/\/www.le-sous-bois.fr\/en\/discover-the-ardeche\/#breadcrumb\",\"itemListElement\":[{\"@type\":\"ListItem\",\"position\":1,\"name\":\"Home\",\"item\":\"https:\/\/www.le-sous-bois.fr\/en\/\"},{\"@type\":\"ListItem\",\"position\":2,\"name\":\"Discover the Ard\u00e8che\"}]},{\"@type\":\"WebSite\",\"@id\":\"https:\/\/www.le-sous-bois.fr\/en\/#website\",\"url\":\"https:\/\/www.le-sous-bois.fr\/en\/\",\"name\":\"Camping le sous bois 4* - \u00e0 Saint-Maurice-d&#039;Ibie en Ard\u00e8che\",\"description\":\"Un site utilisant WordPress\",\"publisher\":{\"@id\":\"https:\/\/www.le-sous-bois.fr\/en\/#organization\"},\"potentialAction\":[{\"@type\":\"SearchAction\",\"target\":{\"@type\":\"EntryPoint\",\"urlTemplate\":\"https:\/\/www.le-sous-bois.fr\/en\/?s={search_term_string}\"},\"query-input\":{\"@type\":\"PropertyValueSpecification\",\"valueRequired\":true,\"valueName\":\"search_term_string\"}}],\"inLanguage\":\"en-US\"},{\"@type\":\"Organization\",\"@id\":\"https:\/\/www.le-sous-bois.fr\/en\/#organization\",\"name\":\"Camping le sous bois 4* - \u00e0 Saint-Maurice-d&#039;Ibie en Ard\u00e8che\",\"url\":\"https:\/\/www.le-sous-bois.fr\/en\/\",\"logo\":{\"@type\":\"ImageObject\",\"inLanguage\":\"en-US\",\"@id\":\"https:\/\/www.le-sous-bois.fr\/en\/#\/schema\/logo\/image\/\",\"url\":\"https:\/\/www.le-sous-bois.fr\/wp-content\/uploads\/2025\/04\/IMG_3136__2_-removebg-preview-1.png\",\"contentUrl\":\"https:\/\/www.le-sous-bois.fr\/wp-content\/uploads\/2025\/04\/IMG_3136__2_-removebg-preview-1.png\",\"width\":500,\"height\":500,\"caption\":\"Camping le sous bois 4* - \u00e0 Saint-Maurice-d&#039;Ibie en Ard\u00e8che\"},\"image\":{\"@id\":\"https:\/\/www.le-sous-bois.fr\/en\/#\/schema\/logo\/image\/\"}}]}<\/script>\n<!-- \/ Yoast SEO plugin. -->","yoast_head_json":{"title":"Discover the Ard\u00e8che - Camping le sous bois 4* - \u00e0 Saint-Maurice-d&#039;Ibie en Ard\u00e8che","robots":{"index":"index","follow":"follow","max-snippet":"max-snippet:-1","max-image-preview":"max-image-preview:large","max-video-preview":"max-video-preview:-1"},"canonical":"https:\/\/www.le-sous-bois.fr\/en\/discover-the-ardeche\/","og_locale":"en_US","og_type":"article","og_title":"Discover the Ard\u00e8che - Camping le sous bois 4* - \u00e0 Saint-Maurice-d&#039;Ibie en Ard\u00e8che","og_url":"https:\/\/www.le-sous-bois.fr\/en\/discover-the-ardeche\/","og_site_name":"Camping le sous bois 4* - \u00e0 Saint-Maurice-d&#039;Ibie en Ard\u00e8che","article_modified_time":"2022-06-10T15:39:21+00:00","twitter_card":"summary_large_image","schema":{"@context":"https:\/\/schema.org","@graph":[{"@type":"WebPage","@id":"https:\/\/www.le-sous-bois.fr\/en\/discover-the-ardeche\/","url":"https:\/\/www.le-sous-bois.fr\/en\/discover-the-ardeche\/","name":"Discover the Ard\u00e8che - Camping le sous bois 4* - \u00e0 Saint-Maurice-d&#039;Ibie en Ard\u00e8che","isPartOf":{"@id":"https:\/\/www.le-sous-bois.fr\/en\/#website"},"datePublished":"2022-02-15T08:16:43+00:00","dateModified":"2022-06-10T15:39:21+00:00","breadcrumb":{"@id":"https:\/\/www.le-sous-bois.fr\/en\/discover-the-ardeche\/#breadcrumb"},"inLanguage":"en-US","potentialAction":[{"@type":"ReadAction","target":["https:\/\/www.le-sous-bois.fr\/en\/discover-the-ardeche\/"]}]},{"@type":"BreadcrumbList","@id":"https:\/\/www.le-sous-bois.fr\/en\/discover-the-ardeche\/#breadcrumb","itemListElement":[{"@type":"ListItem","position":1,"name":"Home","item":"https:\/\/www.le-sous-bois.fr\/en\/"},{"@type":"ListItem","position":2,"name":"Discover the Ard\u00e8che"}]},{"@type":"WebSite","@id":"https:\/\/www.le-sous-bois.fr\/en\/#website","url":"https:\/\/www.le-sous-bois.fr\/en\/","name":"Camping le sous bois 4* - \u00e0 Saint-Maurice-d&#039;Ibie en Ard\u00e8che","description":"Un site utilisant WordPress","publisher":{"@id":"https:\/\/www.le-sous-bois.fr\/en\/#organization"},"potentialAction":[{"@type":"SearchAction","target":{"@type":"EntryPoint","urlTemplate":"https:\/\/www.le-sous-bois.fr\/en\/?s={search_term_string}"},"query-input":{"@type":"PropertyValueSpecification","valueRequired":true,"valueName":"search_term_string"}}],"inLanguage":"en-US"},{"@type":"Organization","@id":"https:\/\/www.le-sous-bois.fr\/en\/#organization","name":"Camping le sous bois 4* - \u00e0 Saint-Maurice-d&#039;Ibie en Ard\u00e8che","url":"https:\/\/www.le-sous-bois.fr\/en\/","logo":{"@type":"ImageObject","inLanguage":"en-US","@id":"https:\/\/www.le-sous-bois.fr\/en\/#\/schema\/logo\/image\/","url":"https:\/\/www.le-sous-bois.fr\/wp-content\/uploads\/2025\/04\/IMG_3136__2_-removebg-preview-1.png","contentUrl":"https:\/\/www.le-sous-bois.fr\/wp-content\/uploads\/2025\/04\/IMG_3136__2_-removebg-preview-1.png","width":500,"height":500,"caption":"Camping le sous bois 4* - \u00e0 Saint-Maurice-d&#039;Ibie en Ard\u00e8che"},"image":{"@id":"https:\/\/www.le-sous-bois.fr\/en\/#\/schema\/logo\/image\/"}}]}},"_links":{"self":[{"href":"https:\/\/www.le-sous-bois.fr\/en\/wp-json\/wp\/v2\/pages\/1024","targetHints":{"allow":["GET"]}}],"collection":[{"href":"https:\/\/www.le-sous-bois.fr\/en\/wp-json\/wp\/v2\/pages"}],"about":[{"href":"https:\/\/www.le-sous-bois.fr\/en\/wp-json\/wp\/v2\/types\/page"}],"author":[{"embeddable":true,"href":"https:\/\/www.le-sous-bois.fr\/en\/wp-json\/wp\/v2\/users\/3"}],"replies":[{"embeddable":true,"href":"https:\/\/www.le-sous-bois.fr\/en\/wp-json\/wp\/v2\/comments?post=1024"}],"version-history":[{"count":0,"href":"https:\/\/www.le-sous-bois.fr\/en\/wp-json\/wp\/v2\/pages\/1024\/revisions"}],"wp:attachment":[{"href":"https:\/\/www.le-sous-bois.fr\/en\/wp-json\/wp\/v2\/media?parent=1024"}],"curies":[{"name":"wp","href":"https:\/\/api.w.org\/{rel}","templated":true}]}}